{"id":2465,"date":"2023-08-22T18:10:30","date_gmt":"2023-08-22T16:10:30","guid":{"rendered":"https:\/\/www.balandra.cat\/accesibilidad\/"},"modified":"2023-09-28T09:43:52","modified_gmt":"2023-09-28T07:43:52","slug":"accesibilidad","status":"publish","type":"page","link":"https:\/\/www.balandra.cat\/es\/accesibilidad\/","title":{"rendered":"Accesibilidad"},"content":{"rendered":"<p>La presente declaraci\u00f3n de accesibilidad se aplica al sitio web<strong><a href=\"http:\/\/www.balandra.cat\/\">http:\/\/www.balandra.cat\/<\/a><\/strong>.<\/p>\n<p>Los criterios adoptados para lograr una mayor accesibilidad de <strong>www.balandra.cat<\/strong> se basan en las directrices WCAG\/WAI fijadas por el <strong>World Wide Web Consortium (W3C)<\/strong>, que es la organizaci\u00f3n de car\u00e1cter supranacional que se encarga de la supervisi\u00f3n de las tecnolog\u00edas y la adopci\u00f3n de los est\u00e1ndares de Internet. En este sentido, el desarrollo de la Web se ha basado en el cumplimiento de las <strong>Pautas de accesibilidad para el contenido<\/strong> en la web de la WCAG 2.1 del W3C-WAI en su nivel de exigencia AA.<\/p>\n<p>Algunas de las funcionalidades implementadas en el sitio web <a href=\"http:\/\/www.balandra.cat\/\">http:\/\/www.balandra.cat\/<\/a>, para permitir una mejor accesibilidad en sus contenidos son los siguentes:<\/p>\n<ul>\n<li>Las caracter\u00edsticas visuales del portal (tipo de letra, color de fuente y fondo, etc.) se definen mediante la hoja de estilos para que el usuario pueda ajustar el texto a sus preferencias.<\/li>\n<li>Los tama\u00f1os de las fuentes se han definido con unidades relativas para que pueda ampliar o disminuir el tama\u00f1o de la fuente desde las opciones del navegador.<\/li>\n<li>Las p\u00e1ginas tienen una estructura clara tanto para el usuario que puede ver todo su contenido, como para el que lee la informaci\u00f3n con un lector de pantalla, usuarios que desactivan la hoja de estilos, etc. Con este objetivo, se han definido mediante el c\u00f3digo HTML las cabeceras de secci\u00f3n, listas y todos los elementos que ayudan a la comprensi\u00f3n general del sitio web.<\/li>\n<li>El c\u00f3digo HTML y CSS empleado se ajusta a las gram\u00e1ticas formales para garantizar la correcta visualizaci\u00f3n de los contenidos en diferentes navegadores.<\/li>\n<\/ul>\n<p>Esta declaraci\u00f3n fue preparada el 25\/09\/2023. El m\u00e9todo empleado para preparar la declaraci\u00f3n ha sido una auditor\u00eda de accesibilidad llevada a cabo por la empresa <strong>Vilaniu Comunicaci\u00f3 SL<\/strong> el 29\/09\/2023. \u00daltima revisi\u00f3n de la declaraci\u00f3n: 25\/09\/2023. El resultado de la auditor\u00eda ha sido plenamente conforme seg\u00fan los requisitos de las WCAG 2.1 en el nivel AA, reflejando el cumplimiento del nivel de accesibilidad exigido por la legislaci\u00f3n vigente. Pueden aportar sugerencias o peticiones sobre la accesibilidad web a trav\u00e9s del correo <a href=\"mailto:info@balandra.cat\"><strong>info@balandra.cat<\/strong><\/a>.<\/p>\n","protected":false},"excerpt":{"rendered":"<p>La presente declaraci\u00f3n de accesibilidad se aplica al sitio webhttp:\/\/www.balandra.cat\/. Los criterios adoptados para lograr una mayor accesibilidad de www.balandra.cat se basan en las directrices WCAG\/WAI fijadas por el World Wide Web Consortium (W3C), que es la organizaci\u00f3n de car\u00e1cter supranacional que se encarga de la supervisi\u00f3n de las tecnolog\u00edas y la adopci\u00f3n de los [&hellip;]<\/p>\n","protected":false},"author":1,"featured_media":0,"parent":0,"menu_order":0,"comment_status":"closed","ping_status":"closed","template":"","meta":{"ocean_post_layout":"","ocean_both_sidebars_style":"","ocean_both_sidebars_content_width":0,"ocean_both_sidebars_sidebars_width":0,"ocean_sidebar":"0","ocean_second_sidebar":"0","ocean_disable_margins":"enable","ocean_add_body_class":"","ocean_shortcode_before_top_bar":"","ocean_shortcode_after_top_bar":"","ocean_shortcode_before_header":"","ocean_shortcode_after_header":"","ocean_has_shortcode":"","ocean_shortcode_after_title":"","ocean_shortcode_before_footer_widgets":"","ocean_shortcode_after_footer_widgets":"","ocean_shortcode_before_footer_bottom":"","ocean_shortcode_after_footer_bottom":"","ocean_display_top_bar":"default","ocean_display_header":"default","ocean_header_style":"","ocean_center_header_left_menu":"0","ocean_custom_header_template":"0","ocean_custom_logo":0,"ocean_custom_retina_logo":0,"ocean_custom_logo_max_width":0,"ocean_custom_logo_tablet_max_width":0,"ocean_custom_logo_mobile_max_width":0,"ocean_custom_logo_max_height":0,"ocean_custom_logo_tablet_max_height":0,"ocean_custom_logo_mobile_max_height":0,"ocean_header_custom_menu":"0","ocean_menu_typo_font_family":"0","ocean_menu_typo_font_subset":"","ocean_menu_typo_font_size":0,"ocean_menu_typo_font_size_tablet":0,"ocean_menu_typo_font_size_mobile":0,"ocean_menu_typo_font_size_unit":"px","ocean_menu_typo_font_weight":"","ocean_menu_typo_font_weight_tablet":"","ocean_menu_typo_font_weight_mobile":"","ocean_menu_typo_transform":"","ocean_menu_typo_transform_tablet":"","ocean_menu_typo_transform_mobile":"","ocean_menu_typo_line_height":0,"ocean_menu_typo_line_height_tablet":0,"ocean_menu_typo_line_height_mobile":0,"ocean_menu_typo_line_height_unit":"","ocean_menu_typo_spacing":0,"ocean_menu_typo_spacing_tablet":0,"ocean_menu_typo_spacing_mobile":0,"ocean_menu_typo_spacing_unit":"","ocean_menu_link_color":"","ocean_menu_link_color_hover":"","ocean_menu_link_color_active":"","ocean_menu_link_background":"","ocean_menu_link_hover_background":"","ocean_menu_link_active_background":"","ocean_menu_social_links_bg":"","ocean_menu_social_hover_links_bg":"","ocean_menu_social_links_color":"","ocean_menu_social_hover_links_color":"","ocean_disable_title":"default","ocean_disable_heading":"default","ocean_post_title":"","ocean_post_subheading":"","ocean_post_title_style":"","ocean_post_title_background_color":"","ocean_post_title_background":0,"ocean_post_title_bg_image_position":"","ocean_post_title_bg_image_attachment":"","ocean_post_title_bg_image_repeat":"","ocean_post_title_bg_image_size":"","ocean_post_title_height":0,"ocean_post_title_bg_overlay":0.5,"ocean_post_title_bg_overlay_color":"","ocean_disable_breadcrumbs":"default","ocean_breadcrumbs_color":"","ocean_breadcrumbs_separator_color":"","ocean_breadcrumbs_links_color":"","ocean_breadcrumbs_links_hover_color":"","ocean_display_footer_widgets":"default","ocean_display_footer_bottom":"default","ocean_custom_footer_template":"0","footnotes":""},"class_list":["post-2465","page","type-page","status-publish","hentry","entry","owp-thumbs-layout-horizontal","owp-btn-normal","owp-tabs-layout-horizontal","has-no-thumbnails","has-product-nav"],"yoast_head":"<!-- This site is optimized with the Yoast SEO plugin v27.3 - https:\/\/yoast.com\/product\/yoast-seo-wordpress\/ -->\n<title>Accesibilidad - Restaurant Balandra<\/title>\n<meta name=\"robots\" content=\"index, follow, max-snippet:-1, max-image-preview:large, max-video-preview:-1\" \/>\n<link rel=\"canonical\" href=\"https:\/\/www.balandra.cat\/es\/accesibilidad\/\" \/>\n<meta property=\"og:locale\" content=\"es_ES\" \/>\n<meta property=\"og:type\" content=\"article\" \/>\n<meta property=\"og:title\" content=\"Accesibilidad - Restaurant Balandra\" \/>\n<meta property=\"og:description\" content=\"La presente declaraci\u00f3n de accesibilidad se aplica al sitio webhttp:\/\/www.balandra.cat\/. Los criterios adoptados para lograr una mayor accesibilidad de www.balandra.cat se basan en las directrices WCAG\/WAI fijadas por el World Wide Web Consortium (W3C), que es la organizaci\u00f3n de car\u00e1cter supranacional que se encarga de la supervisi\u00f3n de las tecnolog\u00edas y la adopci\u00f3n de los [&hellip;]\" \/>\n<meta property=\"og:url\" content=\"https:\/\/www.balandra.cat\/es\/accesibilidad\/\" \/>\n<meta property=\"og:site_name\" content=\"Restaurant Balandra\" \/>\n<meta property=\"article:publisher\" content=\"https:\/\/www.facebook.com\/pages\/Restaurant-Balandra\/295785583813589\" \/>\n<meta property=\"article:modified_time\" content=\"2023-09-28T07:43:52+00:00\" \/>\n<meta name=\"twitter:card\" content=\"summary_large_image\" \/>\n<meta name=\"twitter:site\" content=\"@BalandraTGN\" \/>\n<meta name=\"twitter:label1\" content=\"Tiempo de lectura\" \/>\n\t<meta name=\"twitter:data1\" content=\"2 minutos\" \/>\n<script type=\"application\/ld+json\" class=\"yoast-schema-graph\">{\"@context\":\"https:\\\/\\\/schema.org\",\"@graph\":[{\"@type\":\"WebPage\",\"@id\":\"https:\\\/\\\/www.balandra.cat\\\/es\\\/accesibilidad\\\/\",\"url\":\"https:\\\/\\\/www.balandra.cat\\\/es\\\/accesibilidad\\\/\",\"name\":\"Accesibilidad - Restaurant Balandra\",\"isPartOf\":{\"@id\":\"https:\\\/\\\/www.balandra.cat\\\/es\\\/#website\"},\"datePublished\":\"2023-08-22T16:10:30+00:00\",\"dateModified\":\"2023-09-28T07:43:52+00:00\",\"breadcrumb\":{\"@id\":\"https:\\\/\\\/www.balandra.cat\\\/es\\\/accesibilidad\\\/#breadcrumb\"},\"inLanguage\":\"es\",\"potentialAction\":[{\"@type\":\"ReadAction\",\"target\":[\"https:\\\/\\\/www.balandra.cat\\\/es\\\/accesibilidad\\\/\"]}]},{\"@type\":\"BreadcrumbList\",\"@id\":\"https:\\\/\\\/www.balandra.cat\\\/es\\\/accesibilidad\\\/#breadcrumb\",\"itemListElement\":[{\"@type\":\"ListItem\",\"position\":1,\"name\":\"Inici\",\"item\":\"https:\\\/\\\/www.balandra.cat\\\/es\\\/\"},{\"@type\":\"ListItem\",\"position\":2,\"name\":\"Accesibilidad\"}]},{\"@type\":\"WebSite\",\"@id\":\"https:\\\/\\\/www.balandra.cat\\\/es\\\/#website\",\"url\":\"https:\\\/\\\/www.balandra.cat\\\/es\\\/\",\"name\":\"Restaurant Balandra\",\"description\":\"Restaurant Balandra\",\"publisher\":{\"@id\":\"https:\\\/\\\/www.balandra.cat\\\/es\\\/#organization\"},\"potentialAction\":[{\"@type\":\"SearchAction\",\"target\":{\"@type\":\"EntryPoint\",\"urlTemplate\":\"https:\\\/\\\/www.balandra.cat\\\/es\\\/?s={search_term_string}\"},\"query-input\":{\"@type\":\"PropertyValueSpecification\",\"valueRequired\":true,\"valueName\":\"search_term_string\"}}],\"inLanguage\":\"es\"},{\"@type\":\"Organization\",\"@id\":\"https:\\\/\\\/www.balandra.cat\\\/es\\\/#organization\",\"name\":\"Restaurant Balandra\",\"url\":\"https:\\\/\\\/www.balandra.cat\\\/es\\\/\",\"logo\":{\"@type\":\"ImageObject\",\"inLanguage\":\"es\",\"@id\":\"https:\\\/\\\/www.balandra.cat\\\/es\\\/#\\\/schema\\\/logo\\\/image\\\/\",\"url\":\"https:\\\/\\\/www.balandra.cat\\\/wp-content\\\/uploads\\\/2023\\\/08\\\/restaurant-balandra-h80.jpg\",\"contentUrl\":\"https:\\\/\\\/www.balandra.cat\\\/wp-content\\\/uploads\\\/2023\\\/08\\\/restaurant-balandra-h80.jpg\",\"width\":251,\"height\":80,\"caption\":\"Restaurant Balandra\"},\"image\":{\"@id\":\"https:\\\/\\\/www.balandra.cat\\\/es\\\/#\\\/schema\\\/logo\\\/image\\\/\"},\"sameAs\":[\"https:\\\/\\\/www.facebook.com\\\/pages\\\/Restaurant-Balandra\\\/295785583813589\",\"https:\\\/\\\/x.com\\\/BalandraTGN\"]}]}<\/script>\n<!-- \/ Yoast SEO plugin. -->","yoast_head_json":{"title":"Accesibilidad - Restaurant Balandra","robots":{"index":"index","follow":"follow","max-snippet":"max-snippet:-1","max-image-preview":"max-image-preview:large","max-video-preview":"max-video-preview:-1"},"canonical":"https:\/\/www.balandra.cat\/es\/accesibilidad\/","og_locale":"es_ES","og_type":"article","og_title":"Accesibilidad - Restaurant Balandra","og_description":"La presente declaraci\u00f3n de accesibilidad se aplica al sitio webhttp:\/\/www.balandra.cat\/. Los criterios adoptados para lograr una mayor accesibilidad de www.balandra.cat se basan en las directrices WCAG\/WAI fijadas por el World Wide Web Consortium (W3C), que es la organizaci\u00f3n de car\u00e1cter supranacional que se encarga de la supervisi\u00f3n de las tecnolog\u00edas y la adopci\u00f3n de los [&hellip;]","og_url":"https:\/\/www.balandra.cat\/es\/accesibilidad\/","og_site_name":"Restaurant Balandra","article_publisher":"https:\/\/www.facebook.com\/pages\/Restaurant-Balandra\/295785583813589","article_modified_time":"2023-09-28T07:43:52+00:00","twitter_card":"summary_large_image","twitter_site":"@BalandraTGN","twitter_misc":{"Tiempo de lectura":"2 minutos"},"schema":{"@context":"https:\/\/schema.org","@graph":[{"@type":"WebPage","@id":"https:\/\/www.balandra.cat\/es\/accesibilidad\/","url":"https:\/\/www.balandra.cat\/es\/accesibilidad\/","name":"Accesibilidad - Restaurant Balandra","isPartOf":{"@id":"https:\/\/www.balandra.cat\/es\/#website"},"datePublished":"2023-08-22T16:10:30+00:00","dateModified":"2023-09-28T07:43:52+00:00","breadcrumb":{"@id":"https:\/\/www.balandra.cat\/es\/accesibilidad\/#breadcrumb"},"inLanguage":"es","potentialAction":[{"@type":"ReadAction","target":["https:\/\/www.balandra.cat\/es\/accesibilidad\/"]}]},{"@type":"BreadcrumbList","@id":"https:\/\/www.balandra.cat\/es\/accesibilidad\/#breadcrumb","itemListElement":[{"@type":"ListItem","position":1,"name":"Inici","item":"https:\/\/www.balandra.cat\/es\/"},{"@type":"ListItem","position":2,"name":"Accesibilidad"}]},{"@type":"WebSite","@id":"https:\/\/www.balandra.cat\/es\/#website","url":"https:\/\/www.balandra.cat\/es\/","name":"Restaurant Balandra","description":"Restaurant Balandra","publisher":{"@id":"https:\/\/www.balandra.cat\/es\/#organization"},"potentialAction":[{"@type":"SearchAction","target":{"@type":"EntryPoint","urlTemplate":"https:\/\/www.balandra.cat\/es\/?s={search_term_string}"},"query-input":{"@type":"PropertyValueSpecification","valueRequired":true,"valueName":"search_term_string"}}],"inLanguage":"es"},{"@type":"Organization","@id":"https:\/\/www.balandra.cat\/es\/#organization","name":"Restaurant Balandra","url":"https:\/\/www.balandra.cat\/es\/","logo":{"@type":"ImageObject","inLanguage":"es","@id":"https:\/\/www.balandra.cat\/es\/#\/schema\/logo\/image\/","url":"https:\/\/www.balandra.cat\/wp-content\/uploads\/2023\/08\/restaurant-balandra-h80.jpg","contentUrl":"https:\/\/www.balandra.cat\/wp-content\/uploads\/2023\/08\/restaurant-balandra-h80.jpg","width":251,"height":80,"caption":"Restaurant Balandra"},"image":{"@id":"https:\/\/www.balandra.cat\/es\/#\/schema\/logo\/image\/"},"sameAs":["https:\/\/www.facebook.com\/pages\/Restaurant-Balandra\/295785583813589","https:\/\/x.com\/BalandraTGN"]}]}},"_links":{"self":[{"href":"https:\/\/www.balandra.cat\/es\/wp-json\/wp\/v2\/pages\/2465","targetHints":{"allow":["GET"]}}],"collection":[{"href":"https:\/\/www.balandra.cat\/es\/wp-json\/wp\/v2\/pages"}],"about":[{"href":"https:\/\/www.balandra.cat\/es\/wp-json\/wp\/v2\/types\/page"}],"author":[{"embeddable":true,"href":"https:\/\/www.balandra.cat\/es\/wp-json\/wp\/v2\/users\/1"}],"replies":[{"embeddable":true,"href":"https:\/\/www.balandra.cat\/es\/wp-json\/wp\/v2\/comments?post=2465"}],"version-history":[{"count":5,"href":"https:\/\/www.balandra.cat\/es\/wp-json\/wp\/v2\/pages\/2465\/revisions"}],"predecessor-version":[{"id":2608,"href":"https:\/\/www.balandra.cat\/es\/wp-json\/wp\/v2\/pages\/2465\/revisions\/2608"}],"wp:attachment":[{"href":"https:\/\/www.balandra.cat\/es\/wp-json\/wp\/v2\/media?parent=2465"}],"curies":[{"name":"wp","href":"https:\/\/api.w.org\/{rel}","templated":true}]}}