{"id":2497,"date":"2023-08-22T18:08:25","date_gmt":"2023-08-22T16:08:25","guid":{"rendered":"https:\/\/www.balandra.cat\/politica-de-cookies\/"},"modified":"2023-09-28T09:52:40","modified_gmt":"2023-09-28T07:52:40","slug":"politica-de-cookies","status":"publish","type":"page","link":"https:\/\/www.balandra.cat\/es\/politica-de-cookies\/","title":{"rendered":"Pol\u00edtica de cookies"},"content":{"rendered":"<p>En cumplimiento del Real Decreto-ley 13\/2012, <strong>Xavier Veciana<\/strong> solicita tu permiso para instalar cookies en la <strong>web del restaurante Balandra<\/strong> con el fin de obtener datos estad\u00edsticos de tu navegaci\u00f3n en esta p\u00e1gina web. Al continuar utilizando \u00ab<strong>https:\/\/www.balandra.cat<\/strong>\u00bb est\u00e1s aceptando la instalaci\u00f3n y el uso de cookies. Pol\u00edtica de privacidad sobre las cookies.<\/p>\n<p>Sobre el uso de cookies o galletas en este sitio web.<\/p>\n<p>Una galleta (o cookie en ingl\u00e9s) es un peque\u00f1o fragmento de c\u00f3digo que los sitios web que visitas env\u00edan a tu navegador. Su funci\u00f3n es diversa, por ejemplo:<\/p>\n<p>Hay cookies de preferencias, que sirven, por ejemplo, para recordar el idioma que ha elegido para navegar.<\/p>\n<p>Hay cookies de procesos que memorizan algunos datos cuando accedes a un \u00e1rea privada para tenerlos en cuenta el d\u00eda que vuelvas, como un carrito de la compra en una tienda online.<\/p>\n<p>Hay cookies de seguridad, que sirven para impedir que otra persona haga un uso fraudulento de tus credenciales de acceso.<\/p>\n<p>Tambi\u00e9n existen cookies de publicidad, que registran datos relacionados con las b\u00fasquedas en Internet para adaptar tus gustos\/inter\u00e9s mejor a los tipos de anuncios que aparecen en los sitios web visitados.<\/p>\n<p>Por \u00faltimo, hay cookies de an\u00e1lisis, como las de google analytics, que env\u00edan informaci\u00f3n a los propietarios de la web para entender mejor c\u00f3mo interaccionan los visitantes. Estas cookies recopilan informaci\u00f3n estad\u00edstica sobre el uso del sitio web sin identificar personalmente a los visitantes.<\/p>\n<p>En todos los casos, las cookies consiguen que los sitios web sean m\u00e1s \u00fatiles para ti y nosotros las consideramos un recurso para que la web sea m\u00e1s efectiva, \u00fatil y pr\u00e1ctica. Siempre respetamos tu intimidad y la de todas las personas que nos visitan, c\u00f3mo debe ser.<\/p>\n<p>Restaurant Balandra utiliza cookies de an\u00e1lisis, concretamente para que google analytics nos facilite datos sobre las visitas de este sitio web, siempre de forma an\u00f3nima, y \u200b\u200bpodamos mejorar los contenidos que ofrecemos. Puede consultar m\u00e1s informaci\u00f3n relacionada con la privacidad de sus datos y las cookies google analytics aqu\u00ed: <strong>https:\/\/developers.google.com\/analytics\/devguides\/collection\/analyticsjs\/cookie-usage<\/strong><\/p>\n<p>Puedes cambiar de opini\u00f3n y las cookies cuando quieras.<\/p>\n<p>Para consultar y gestionar las cookies instaladas en tu equipo debes cambiar la configuraci\u00f3n de tu navegador. Encontrar\u00e9is informaci\u00f3n detallada en los siguentes enlaces:<\/p>\n<p>Si naveg\u00e1is con Firefox: <strong>http:\/\/support.mozilla.org\/es\/products\/firefox\/privacy-and-security\/cookies<\/strong><\/p>\n<p>Si naveg\u00e1is con Chrome: <strong>http:\/\/support.google.com\/chrome\/bin\/answer.py?hl=es&amp;;answer = 95.647<\/strong><\/p>\n<p>Si naveg\u00e1is con Internet Explorer: <strong>http:\/\/windows.microsoft.com\/es-es\/windows7\/how-to-manage-cookies-in-internet-explorer-9<\/strong><\/p>\n<p>Si naveg\u00e1is con Safari: <strong>http:\/\/support.apple.com\/kb\/ph5042<\/strong><\/p>\n<p>Si necesit\u00e1is m\u00e1s detalles sobre el uso que hacemos de las cookies escribidnos a: <strong>info@balandra.cat<\/strong> y os informaremos.<\/p>\n","protected":false},"excerpt":{"rendered":"<p>En cumplimiento del Real Decreto-ley 13\/2012, Xavier Veciana solicita tu permiso para instalar cookies en la web del restaurante Balandra con el fin de obtener datos estad\u00edsticos de tu navegaci\u00f3n en esta p\u00e1gina web. Al continuar utilizando \u00abhttps:\/\/www.balandra.cat\u00bb est\u00e1s aceptando la instalaci\u00f3n y el uso de cookies. Pol\u00edtica de privacidad sobre las cookies. Sobre el [&hellip;]<\/p>\n","protected":false},"author":1,"featured_media":0,"parent":0,"menu_order":0,"comment_status":"closed","ping_status":"closed","template":"","meta":{"ocean_post_layout":"","ocean_both_sidebars_style":"","ocean_both_sidebars_content_width":0,"ocean_both_sidebars_sidebars_width":0,"ocean_sidebar":"0","ocean_second_sidebar":"0","ocean_disable_margins":"enable","ocean_add_body_class":"","ocean_shortcode_before_top_bar":"","ocean_shortcode_after_top_bar":"","ocean_shortcode_before_header":"","ocean_shortcode_after_header":"","ocean_has_shortcode":"","ocean_shortcode_after_title":"","ocean_shortcode_before_footer_widgets":"","ocean_shortcode_after_footer_widgets":"","ocean_shortcode_before_footer_bottom":"","ocean_shortcode_after_footer_bottom":"","ocean_display_top_bar":"default","ocean_display_header":"default","ocean_header_style":"","ocean_center_header_left_menu":"0","ocean_custom_header_template":"0","ocean_custom_logo":0,"ocean_custom_retina_logo":0,"ocean_custom_logo_max_width":0,"ocean_custom_logo_tablet_max_width":0,"ocean_custom_logo_mobile_max_width":0,"ocean_custom_logo_max_height":0,"ocean_custom_logo_tablet_max_height":0,"ocean_custom_logo_mobile_max_height":0,"ocean_header_custom_menu":"0","ocean_menu_typo_font_family":"0","ocean_menu_typo_font_subset":"","ocean_menu_typo_font_size":0,"ocean_menu_typo_font_size_tablet":0,"ocean_menu_typo_font_size_mobile":0,"ocean_menu_typo_font_size_unit":"px","ocean_menu_typo_font_weight":"","ocean_menu_typo_font_weight_tablet":"","ocean_menu_typo_font_weight_mobile":"","ocean_menu_typo_transform":"","ocean_menu_typo_transform_tablet":"","ocean_menu_typo_transform_mobile":"","ocean_menu_typo_line_height":0,"ocean_menu_typo_line_height_tablet":0,"ocean_menu_typo_line_height_mobile":0,"ocean_menu_typo_line_height_unit":"","ocean_menu_typo_spacing":0,"ocean_menu_typo_spacing_tablet":0,"ocean_menu_typo_spacing_mobile":0,"ocean_menu_typo_spacing_unit":"","ocean_menu_link_color":"","ocean_menu_link_color_hover":"","ocean_menu_link_color_active":"","ocean_menu_link_background":"","ocean_menu_link_hover_background":"","ocean_menu_link_active_background":"","ocean_menu_social_links_bg":"","ocean_menu_social_hover_links_bg":"","ocean_menu_social_links_color":"","ocean_menu_social_hover_links_color":"","ocean_disable_title":"default","ocean_disable_heading":"default","ocean_post_title":"","ocean_post_subheading":"","ocean_post_title_style":"","ocean_post_title_background_color":"","ocean_post_title_background":0,"ocean_post_title_bg_image_position":"","ocean_post_title_bg_image_attachment":"","ocean_post_title_bg_image_repeat":"","ocean_post_title_bg_image_size":"","ocean_post_title_height":0,"ocean_post_title_bg_overlay":0.5,"ocean_post_title_bg_overlay_color":"","ocean_disable_breadcrumbs":"default","ocean_breadcrumbs_color":"","ocean_breadcrumbs_separator_color":"","ocean_breadcrumbs_links_color":"","ocean_breadcrumbs_links_hover_color":"","ocean_display_footer_widgets":"default","ocean_display_footer_bottom":"default","ocean_custom_footer_template":"0","footnotes":""},"class_list":["post-2497","page","type-page","status-publish","hentry","entry","owp-thumbs-layout-horizontal","owp-btn-normal","owp-tabs-layout-horizontal","has-no-thumbnails","has-product-nav"],"yoast_head":"<!-- This site is optimized with the Yoast SEO plugin v27.5 - https:\/\/yoast.com\/product\/yoast-seo-wordpress\/ -->\n<title>Pol\u00edtica de cookies - Restaurant Balandra<\/title>\n<meta name=\"robots\" content=\"index, follow, max-snippet:-1, max-image-preview:large, max-video-preview:-1\" \/>\n<link rel=\"canonical\" href=\"https:\/\/www.balandra.cat\/es\/politica-de-cookies\/\" \/>\n<meta property=\"og:locale\" content=\"es_ES\" \/>\n<meta property=\"og:type\" content=\"article\" \/>\n<meta property=\"og:title\" content=\"Pol\u00edtica de cookies - Restaurant Balandra\" \/>\n<meta property=\"og:description\" content=\"En cumplimiento del Real Decreto-ley 13\/2012, Xavier Veciana solicita tu permiso para instalar cookies en la web del restaurante Balandra con el fin de obtener datos estad\u00edsticos de tu navegaci\u00f3n en esta p\u00e1gina web. Al continuar utilizando \u00abhttps:\/\/www.balandra.cat\u00bb est\u00e1s aceptando la instalaci\u00f3n y el uso de cookies. Pol\u00edtica de privacidad sobre las cookies. Sobre el [&hellip;]\" \/>\n<meta property=\"og:url\" content=\"https:\/\/www.balandra.cat\/es\/politica-de-cookies\/\" \/>\n<meta property=\"og:site_name\" content=\"Restaurant Balandra\" \/>\n<meta property=\"article:publisher\" content=\"https:\/\/www.facebook.com\/pages\/Restaurant-Balandra\/295785583813589\" \/>\n<meta property=\"article:modified_time\" content=\"2023-09-28T07:52:40+00:00\" \/>\n<meta name=\"twitter:card\" content=\"summary_large_image\" \/>\n<meta name=\"twitter:site\" content=\"@BalandraTGN\" \/>\n<meta name=\"twitter:label1\" content=\"Tiempo de lectura\" \/>\n\t<meta name=\"twitter:data1\" content=\"3 minutos\" \/>\n<script type=\"application\/ld+json\" class=\"yoast-schema-graph\">{\"@context\":\"https:\\\/\\\/schema.org\",\"@graph\":[{\"@type\":\"WebPage\",\"@id\":\"https:\\\/\\\/www.balandra.cat\\\/es\\\/politica-de-cookies\\\/\",\"url\":\"https:\\\/\\\/www.balandra.cat\\\/es\\\/politica-de-cookies\\\/\",\"name\":\"Pol\u00edtica de cookies - Restaurant Balandra\",\"isPartOf\":{\"@id\":\"https:\\\/\\\/www.balandra.cat\\\/es\\\/#website\"},\"datePublished\":\"2023-08-22T16:08:25+00:00\",\"dateModified\":\"2023-09-28T07:52:40+00:00\",\"breadcrumb\":{\"@id\":\"https:\\\/\\\/www.balandra.cat\\\/es\\\/politica-de-cookies\\\/#breadcrumb\"},\"inLanguage\":\"es\",\"potentialAction\":[{\"@type\":\"ReadAction\",\"target\":[\"https:\\\/\\\/www.balandra.cat\\\/es\\\/politica-de-cookies\\\/\"]}]},{\"@type\":\"BreadcrumbList\",\"@id\":\"https:\\\/\\\/www.balandra.cat\\\/es\\\/politica-de-cookies\\\/#breadcrumb\",\"itemListElement\":[{\"@type\":\"ListItem\",\"position\":1,\"name\":\"Inici\",\"item\":\"https:\\\/\\\/www.balandra.cat\\\/es\\\/\"},{\"@type\":\"ListItem\",\"position\":2,\"name\":\"Pol\u00edtica de cookies\"}]},{\"@type\":\"WebSite\",\"@id\":\"https:\\\/\\\/www.balandra.cat\\\/es\\\/#website\",\"url\":\"https:\\\/\\\/www.balandra.cat\\\/es\\\/\",\"name\":\"Restaurant Balandra\",\"description\":\"Restaurant Balandra\",\"publisher\":{\"@id\":\"https:\\\/\\\/www.balandra.cat\\\/es\\\/#organization\"},\"potentialAction\":[{\"@type\":\"SearchAction\",\"target\":{\"@type\":\"EntryPoint\",\"urlTemplate\":\"https:\\\/\\\/www.balandra.cat\\\/es\\\/?s={search_term_string}\"},\"query-input\":{\"@type\":\"PropertyValueSpecification\",\"valueRequired\":true,\"valueName\":\"search_term_string\"}}],\"inLanguage\":\"es\"},{\"@type\":\"Organization\",\"@id\":\"https:\\\/\\\/www.balandra.cat\\\/es\\\/#organization\",\"name\":\"Restaurant Balandra\",\"url\":\"https:\\\/\\\/www.balandra.cat\\\/es\\\/\",\"logo\":{\"@type\":\"ImageObject\",\"inLanguage\":\"es\",\"@id\":\"https:\\\/\\\/www.balandra.cat\\\/es\\\/#\\\/schema\\\/logo\\\/image\\\/\",\"url\":\"https:\\\/\\\/www.balandra.cat\\\/wp-content\\\/uploads\\\/2023\\\/08\\\/restaurant-balandra-h80.jpg\",\"contentUrl\":\"https:\\\/\\\/www.balandra.cat\\\/wp-content\\\/uploads\\\/2023\\\/08\\\/restaurant-balandra-h80.jpg\",\"width\":251,\"height\":80,\"caption\":\"Restaurant Balandra\"},\"image\":{\"@id\":\"https:\\\/\\\/www.balandra.cat\\\/es\\\/#\\\/schema\\\/logo\\\/image\\\/\"},\"sameAs\":[\"https:\\\/\\\/www.facebook.com\\\/pages\\\/Restaurant-Balandra\\\/295785583813589\",\"https:\\\/\\\/x.com\\\/BalandraTGN\"]}]}<\/script>\n<!-- \/ Yoast SEO plugin. -->","yoast_head_json":{"title":"Pol\u00edtica de cookies - Restaurant Balandra","robots":{"index":"index","follow":"follow","max-snippet":"max-snippet:-1","max-image-preview":"max-image-preview:large","max-video-preview":"max-video-preview:-1"},"canonical":"https:\/\/www.balandra.cat\/es\/politica-de-cookies\/","og_locale":"es_ES","og_type":"article","og_title":"Pol\u00edtica de cookies - Restaurant Balandra","og_description":"En cumplimiento del Real Decreto-ley 13\/2012, Xavier Veciana solicita tu permiso para instalar cookies en la web del restaurante Balandra con el fin de obtener datos estad\u00edsticos de tu navegaci\u00f3n en esta p\u00e1gina web. Al continuar utilizando \u00abhttps:\/\/www.balandra.cat\u00bb est\u00e1s aceptando la instalaci\u00f3n y el uso de cookies. Pol\u00edtica de privacidad sobre las cookies. Sobre el [&hellip;]","og_url":"https:\/\/www.balandra.cat\/es\/politica-de-cookies\/","og_site_name":"Restaurant Balandra","article_publisher":"https:\/\/www.facebook.com\/pages\/Restaurant-Balandra\/295785583813589","article_modified_time":"2023-09-28T07:52:40+00:00","twitter_card":"summary_large_image","twitter_site":"@BalandraTGN","twitter_misc":{"Tiempo de lectura":"3 minutos"},"schema":{"@context":"https:\/\/schema.org","@graph":[{"@type":"WebPage","@id":"https:\/\/www.balandra.cat\/es\/politica-de-cookies\/","url":"https:\/\/www.balandra.cat\/es\/politica-de-cookies\/","name":"Pol\u00edtica de cookies - Restaurant Balandra","isPartOf":{"@id":"https:\/\/www.balandra.cat\/es\/#website"},"datePublished":"2023-08-22T16:08:25+00:00","dateModified":"2023-09-28T07:52:40+00:00","breadcrumb":{"@id":"https:\/\/www.balandra.cat\/es\/politica-de-cookies\/#breadcrumb"},"inLanguage":"es","potentialAction":[{"@type":"ReadAction","target":["https:\/\/www.balandra.cat\/es\/politica-de-cookies\/"]}]},{"@type":"BreadcrumbList","@id":"https:\/\/www.balandra.cat\/es\/politica-de-cookies\/#breadcrumb","itemListElement":[{"@type":"ListItem","position":1,"name":"Inici","item":"https:\/\/www.balandra.cat\/es\/"},{"@type":"ListItem","position":2,"name":"Pol\u00edtica de cookies"}]},{"@type":"WebSite","@id":"https:\/\/www.balandra.cat\/es\/#website","url":"https:\/\/www.balandra.cat\/es\/","name":"Restaurant Balandra","description":"Restaurant Balandra","publisher":{"@id":"https:\/\/www.balandra.cat\/es\/#organization"},"potentialAction":[{"@type":"SearchAction","target":{"@type":"EntryPoint","urlTemplate":"https:\/\/www.balandra.cat\/es\/?s={search_term_string}"},"query-input":{"@type":"PropertyValueSpecification","valueRequired":true,"valueName":"search_term_string"}}],"inLanguage":"es"},{"@type":"Organization","@id":"https:\/\/www.balandra.cat\/es\/#organization","name":"Restaurant Balandra","url":"https:\/\/www.balandra.cat\/es\/","logo":{"@type":"ImageObject","inLanguage":"es","@id":"https:\/\/www.balandra.cat\/es\/#\/schema\/logo\/image\/","url":"https:\/\/www.balandra.cat\/wp-content\/uploads\/2023\/08\/restaurant-balandra-h80.jpg","contentUrl":"https:\/\/www.balandra.cat\/wp-content\/uploads\/2023\/08\/restaurant-balandra-h80.jpg","width":251,"height":80,"caption":"Restaurant Balandra"},"image":{"@id":"https:\/\/www.balandra.cat\/es\/#\/schema\/logo\/image\/"},"sameAs":["https:\/\/www.facebook.com\/pages\/Restaurant-Balandra\/295785583813589","https:\/\/x.com\/BalandraTGN"]}]}},"_links":{"self":[{"href":"https:\/\/www.balandra.cat\/es\/wp-json\/wp\/v2\/pages\/2497","targetHints":{"allow":["GET"]}}],"collection":[{"href":"https:\/\/www.balandra.cat\/es\/wp-json\/wp\/v2\/pages"}],"about":[{"href":"https:\/\/www.balandra.cat\/es\/wp-json\/wp\/v2\/types\/page"}],"author":[{"embeddable":true,"href":"https:\/\/www.balandra.cat\/es\/wp-json\/wp\/v2\/users\/1"}],"replies":[{"embeddable":true,"href":"https:\/\/www.balandra.cat\/es\/wp-json\/wp\/v2\/comments?post=2497"}],"version-history":[{"count":5,"href":"https:\/\/www.balandra.cat\/es\/wp-json\/wp\/v2\/pages\/2497\/revisions"}],"predecessor-version":[{"id":2612,"href":"https:\/\/www.balandra.cat\/es\/wp-json\/wp\/v2\/pages\/2497\/revisions\/2612"}],"wp:attachment":[{"href":"https:\/\/www.balandra.cat\/es\/wp-json\/wp\/v2\/media?parent=2497"}],"curies":[{"name":"wp","href":"https:\/\/api.w.org\/{rel}","templated":true}]}}